{"id":1064,"date":"2024-05-10T17:30:30","date_gmt":"2024-05-10T20:30:30","guid":{"rendered":"https:\/\/inspfracchia-cha.infd.edu.ar\/sitio\/?page_id=1064"},"modified":"2024-05-10T17:30:31","modified_gmt":"2024-05-10T20:30:31","slug":"grupos-de-whatsapp","status":"publish","type":"page","link":"https:\/\/inspfracchia-cha.infd.edu.ar\/sitio\/grupos-de-whatsapp\/","title":{"rendered":"Grupos de WhatsApp"},"content":{"rendered":"\n<p>Con motivo de cumplirse los 50 a\u00f1os de funcionamiento, queremos invitar a egresados y profesores jubilados a formar parte de nuestra comunidad de WhatsApp para mantener contacto m\u00e1s directo y compartir recuerdos, an\u00e9cdotas e informaciones relevantes.<\/p>\n\n\n\n<p>A continuaci\u00f3n pueden elegir su grupo.<\/p>\n\n\n\n<h2 class=\"wp-block-heading\">Enlaces para ingresar a los grupos de WhatsApp<\/h2>\n\n\n\n<hr class=\"wp-block-separator has-alpha-channel-opacity\"\/>\n\n\n\n<p><strong>Profesores Jubilados<\/strong><\/p>\n\n\n\n<p><a href=\"https:\/\/chat.whatsapp.com\/JazOaC1clRD5Wildg3jFRR\">https:\/\/chat.whatsapp.com\/JazOaC1clRD5Wildg3jFRR<\/a><\/p>\n\n\n\n<hr class=\"wp-block-separator has-alpha-channel-opacity\"\/>\n\n\n\n<p><strong>Egresados del Profesorado en Matem\u00e1tica<\/strong><\/p>\n\n\n\n<p><a href=\"https:\/\/chat.whatsapp.com\/JyEOKq0XjwzJpO8g9ER28K\">https:\/\/chat.whatsapp.com\/JyEOKq0XjwzJpO8g9ER28K<\/a><\/p>\n\n\n\n<hr class=\"wp-block-separator has-alpha-channel-opacity\"\/>\n\n\n\n<p><strong>Egresados del Profesorado en F\u00edsica<\/strong><\/p>\n\n\n\n<p><a href=\"https:\/\/chat.whatsapp.com\/G7zEE6zC9au7i8PcS132ax\">https:\/\/chat.whatsapp.com\/G7zEE6zC9au7i8PcS132ax<\/a><\/p>\n\n\n\n<hr class=\"wp-block-separator has-alpha-channel-opacity\"\/>\n\n\n\n<p><strong>Egresados del Profesorado en Qu\u00edmica <\/strong><\/p>\n\n\n\n<p><a href=\"https:\/\/chat.whatsapp.com\/ENZWHhInB7BJ0nVpOk5TJ0\">https:\/\/chat.whatsapp.com\/ENZWHhInB7BJ0nVpOk5TJ0<\/a><\/p>\n\n\n\n<hr class=\"wp-block-separator has-alpha-channel-opacity\"\/>\n\n\n\n<p><strong>Egresados del Profesorado en Matem\u00e1tica, F\u00edsica y Qu\u00edmica <\/strong><\/p>\n\n\n\n<p><a href=\"https:\/\/chat.whatsapp.com\/LI3prn902nzLiJj5rBO0tE\">https:\/\/chat.whatsapp.com\/LI3prn902nzLiJj5rBO0tE<\/a><\/p>\n\n\n\n<hr class=\"wp-block-separator has-alpha-channel-opacity\"\/>\n\n\n\n<p><strong>Egresados del Profesorado en Biolog\u00eda <\/strong><\/p>\n\n\n\n<p><a href=\"https:\/\/chat.whatsapp.com\/LI3prn902nzLiJj5rBO0tE\">https:\/\/chat.whatsapp.com\/LI3prn902nzLiJj5rBO0tE<\/a><\/p>\n\n\n\n<hr class=\"wp-block-separator has-alpha-channel-opacity\"\/>\n\n\n\n<p><strong>Egresados de Bibliotecolog\u00eda<\/strong><\/p>\n\n\n\n<p><a href=\"https:\/\/chat.whatsapp.com\/FCCkTrdgDgb280FvKBKTjr\">https:\/\/chat.whatsapp.com\/FCCkTrdgDgb280FvKBKTjr<\/a><\/p>\n\n\n\n<hr class=\"wp-block-separator has-alpha-channel-opacity\"\/>\n\n\n\n<p><strong>Egresados del Magisterio &#8211; Nivel Primario<\/strong><\/p>\n\n\n\n<p><a href=\"https:\/\/chat.whatsapp.com\/IATfCDgxyL609aD2mCV4kZ\">https:\/\/chat.whatsapp.com\/IATfCDgxyL609aD2mCV4kZ<\/a><\/p>\n\n\n\n<hr class=\"wp-block-separator has-alpha-channel-opacity\"\/>\n\n\n\n<p><strong>Egresados del Profesorado para el Nivel Inicial<\/strong><\/p>\n\n\n\n<p><a href=\"https:\/\/chat.whatsapp.com\/KF63DBsPYYHD8EDa6lTQDX\">https:\/\/chat.whatsapp.com\/KF63DBsPYYHD8EDa6lTQDX<\/a><\/p>\n\n\n\n<hr class=\"wp-block-separator has-alpha-channel-opacity\"\/>\n\n\n\n<p><strong>Egresados del Profesorado en Lengua y Literatura<\/strong><\/p>\n\n\n\n<p><a href=\"https:\/\/chat.whatsapp.com\/HtyYsa9aumpDUAibe5X0we\">https:\/\/chat.whatsapp.com\/HtyYsa9aumpDUAibe5X0we<\/a><\/p>\n\n\n\n<hr class=\"wp-block-separator has-alpha-channel-opacity\"\/>\n\n\n\n<p><strong>Egresados del Profesorado en Ingl\u00e9s <\/strong><\/p>\n\n\n\n<p><a href=\"https:\/\/chat.whatsapp.com\/KrMmXeAg97W9POqyygzLG6\">https:\/\/chat.whatsapp.com\/KrMmXeAg97W9POqyygzLG6<\/a><\/p>\n\n\n\n<hr class=\"wp-block-separator has-alpha-channel-opacity\"\/>\n\n\n\n<p><strong>Egresados del Profesorado en Artes Visuales<\/strong><\/p>\n\n\n\n<p><a href=\"https:\/\/chat.whatsapp.com\/EiCueMLhu4i3WO3bqiz9Lv\">https:\/\/chat.whatsapp.com\/EiCueMLhu4i3WO3bqiz9Lv<\/a><\/p>\n\n\n\n<hr class=\"wp-block-separator has-alpha-channel-opacity\"\/>\n\n\n\n<p><strong>Egresados del Profesorado para la Educaci\u00f3n Especial<\/strong><\/p>\n\n\n\n<p><a href=\"https:\/\/chat.whatsapp.com\/KKzvTP4Oj3nG68v3FdWt8e\">https:\/\/chat.whatsapp.com\/KKzvTP4Oj3nG68v3FdWt8e<\/a><\/p>\n\n\n\n<hr class=\"wp-block-separator has-alpha-channel-opacity\"\/>\n\n\n\n<p><strong>Egresados del Profesorado en Historia<\/strong> <\/p>\n\n\n\n<p><a href=\"https:\/\/chat.whatsapp.com\/EpZRRcmrjhXImm2wrAEAE1\">https:\/\/chat.whatsapp.com\/EpZRRcmrjhXImm2wrAEAE1<\/a><\/p>\n\n\n\n<hr class=\"wp-block-separator has-alpha-channel-opacity\"\/>\n\n\n\n<p><strong>Egresados del Profesorado en Psicolog\u00eda<\/strong><\/p>\n\n\n\n<p><a href=\"https:\/\/chat.whatsapp.com\/K1U5DN4anwNCXDPjJVVWua\">https:\/\/chat.whatsapp.com\/K1U5DN4anwNCXDPjJVVWua<\/a><\/p>\n\n\n\n<hr class=\"wp-block-separator has-alpha-channel-opacity\"\/>\n","protected":false},"excerpt":{"rendered":"<p>Con motivo de cumplirse los 50 a\u00f1os de funcionamiento, queremos invitar a egresados y profesores jubilados a formar parte de nuestra comunidad de WhatsApp para mantener contacto m\u00e1s directo y compartir recuerdos, an\u00e9cdotas e informaciones relevantes. A continuaci\u00f3n pueden elegir su grupo. Enlaces para ingresar a los grupos de WhatsApp Profesores Jubilados https:\/\/chat.whatsapp.com\/JazOaC1clRD5Wildg3jFRR Egresados del &#8230; <a title=\"Grupos de WhatsApp\" class=\"read-more\" href=\"https:\/\/inspfracchia-cha.infd.edu.ar\/sitio\/grupos-de-whatsapp\/\" aria-label=\"More on Grupos de WhatsApp\">[+]<\/a><\/p>\n","protected":false},"author":499,"featured_media":0,"parent":0,"menu_order":0,"comment_status":"closed","ping_status":"closed","template":"","meta":[],"acf":[],"_links":{"self":[{"href":"https:\/\/inspfracchia-cha.infd.edu.ar\/sitio\/wp-json\/wp\/v2\/pages\/1064"}],"collection":[{"href":"https:\/\/inspfracchia-cha.infd.edu.ar\/sitio\/wp-json\/wp\/v2\/pages"}],"about":[{"href":"https:\/\/inspfracchia-cha.infd.edu.ar\/sitio\/wp-json\/wp\/v2\/types\/page"}],"author":[{"embeddable":true,"href":"https:\/\/inspfracchia-cha.infd.edu.ar\/sitio\/wp-json\/wp\/v2\/users\/499"}],"replies":[{"embeddable":true,"href":"https:\/\/inspfracchia-cha.infd.edu.ar\/sitio\/wp-json\/wp\/v2\/comments?post=1064"}],"version-history":[{"count":5,"href":"https:\/\/inspfracchia-cha.infd.edu.ar\/sitio\/wp-json\/wp\/v2\/pages\/1064\/revisions"}],"predecessor-version":[{"id":1069,"href":"https:\/\/inspfracchia-cha.infd.edu.ar\/sitio\/wp-json\/wp\/v2\/pages\/1064\/revisions\/1069"}],"wp:attachment":[{"href":"https:\/\/inspfracchia-cha.infd.edu.ar\/sitio\/wp-json\/wp\/v2\/media?parent=1064"}],"curies":[{"name":"wp","href":"https:\/\/api.w.org\/{rel}","templated":true}]}}