{"id":1123,"date":"2024-12-12T09:04:44","date_gmt":"2024-12-12T12:04:44","guid":{"rendered":"https:\/\/inspfracchia-cha.infd.edu.ar\/sitio\/?page_id=1123"},"modified":"2026-02-24T08:45:56","modified_gmt":"2026-02-24T11:45:56","slug":"requisitos-2025","status":"publish","type":"page","link":"https:\/\/inspfracchia-cha.infd.edu.ar\/sitio\/requisitos-2025\/","title":{"rendered":"REQUISITOS 2026"},"content":{"rendered":"\n<p><a rel=\"noreferrer noopener\" href=\"https:\/\/inspfracchia-cha.infd.edu.ar\/sitio\/carreras-2025\/\" target=\"_blank\"><mark style=\"background-color:var(--accent)\" class=\"has-inline-color has-base-3-color\">&gt;&gt; Informaci\u00f3n sobre las carreras (Quiero anotarme) &lt;&lt;<\/mark> <\/a><\/p>\n\n\n\n<p>A continuaci\u00f3n se detallan los requisitos para la inscripci\u00f3n 2025:<br><\/p>\n\n\n\n<ol type=\"1\">\n<li><strong>Ficha individual<\/strong> de inscripci\u00f3n en car\u00e1cter de declaraci\u00f3n jurada;<\/li>\n\n\n\n<li><strong>Constancia original de finalizaci\u00f3n de estudios de Educaci\u00f3n Secundaria<\/strong>, sin tachaduras, raspaduras ni enmiendas o Fotocopia autenticada o certificada por autoridad escolar, judicial o notarial del T\u00edtulo de Educaci\u00f3n Secundaria con validez nacional. Quienes adeuden hasta dos unidades curriculares de la Educaci\u00f3n Secundaria, podr\u00e1n ser inscriptos como estudiantes aspirantes en la categor\u00eda condicional;<\/li>\n\n\n\n<li>Fotocopia autenticada o certificada por autoridad escolar, judicial o notarial de anverso y reverso del <strong>Documento Nacional de Identidad;<\/strong><\/li>\n\n\n\n<li>Acta o <strong>Certificado de nacimiento<\/strong> legalizada por autoridades del Registro Nacional de las Personas (RENAPER);<\/li>\n\n\n\n<li><strong>Certificado de Aptitud psicof\u00edsica<\/strong> expedido por las dependencias del Ministerio de Salud P\u00fablica. El presente requisito deber\u00e1 ser presentado anualmente.<\/li>\n\n\n\n<li><strong>Certificado de antecedentes penales<\/strong> (Certificado de conducta o Certificado de reincidencia);<\/li>\n\n\n\n<li>En los casos que por la \u00edndole de la carrera elegida requiera estudios m\u00e9dicos espec\u00edficos o de otra \u00edndole, la instituci\u00f3n lo podr\u00e1 solicitar;<\/li>\n\n\n\n<li>Excepcionalmente -seg\u00fan lo establecido en el art\u00edculo 7 de la Ley nacional 24521 y la Resoluci\u00f3n N\u00b0 949\/2019 \u2013M.E.C.C. y .T.-, los <strong>mayores de 25 a\u00f1os<\/strong> que aspiren a ingresar al Nivel Superior y <strong>no hayan finalizado los Estudios de Educaci\u00f3n Secundaria<\/strong> o equivalentes, podr\u00e1n inscribirse como aspirantes debiendo demostrar a trav\u00e9s de evaluaciones \u2013previo al curso de introductorio-, que tienen preparaci\u00f3n o experiencia laboral as\u00ed como aptitudes y conocimientos para cursar estudios de Nivel Superior<\/li>\n\n\n\n<li><strong>Certificado de Domicilio<\/strong><\/li>\n\n\n\n<li><strong>Certificado bucodental <\/strong>y <strong>grupo sangu\u00edneo<\/strong><\/li>\n\n\n\n<li><strong>Aporte Solidario<\/strong> (Cooperadora)<\/li>\n\n\n\n<li><strong>Libreta Estudiantil<\/strong><\/li>\n\n\n\n<li>2 <strong>fotos<\/strong> 4&#215;4<\/li>\n\n\n\n<li>1 <strong>folio oficio<\/strong><\/li>\n<\/ol>\n\n\n\n<p>Los <strong>aspirantes de origen extranjero<\/strong> deber\u00e1n presentar toda la documentaci\u00f3n requerida para aspirantes argentinos. A lo anterior, deber\u00e1n cumplimentar los siguientes requisitos:<\/p>\n\n\n\n<ul>\n<li>T\u00edtulo legalizado en el pa\u00eds de origen ante las autoridades de educaci\u00f3n correspondiente del lugar y las tramitaciones ante el consulado Argentino y convalidaci\u00f3n del Ministerio de Educaci\u00f3n de la Argentina y\/o Organismo equivalente.<\/li>\n<\/ul>\n","protected":false},"excerpt":{"rendered":"<p>&gt;&gt; Informaci\u00f3n sobre las carreras (Quiero anotarme) &lt;&lt; A continuaci\u00f3n se detallan los requisitos para la inscripci\u00f3n 2025: Los aspirantes de origen extranjero deber\u00e1n presentar toda la documentaci\u00f3n requerida para aspirantes argentinos. A lo anterior, deber\u00e1n cumplimentar los siguientes requisitos:<\/p>\n","protected":false},"author":499,"featured_media":0,"parent":0,"menu_order":0,"comment_status":"closed","ping_status":"closed","template":"","meta":[],"acf":[],"_links":{"self":[{"href":"https:\/\/inspfracchia-cha.infd.edu.ar\/sitio\/wp-json\/wp\/v2\/pages\/1123"}],"collection":[{"href":"https:\/\/inspfracchia-cha.infd.edu.ar\/sitio\/wp-json\/wp\/v2\/pages"}],"about":[{"href":"https:\/\/inspfracchia-cha.infd.edu.ar\/sitio\/wp-json\/wp\/v2\/types\/page"}],"author":[{"embeddable":true,"href":"https:\/\/inspfracchia-cha.infd.edu.ar\/sitio\/wp-json\/wp\/v2\/users\/499"}],"replies":[{"embeddable":true,"href":"https:\/\/inspfracchia-cha.infd.edu.ar\/sitio\/wp-json\/wp\/v2\/comments?post=1123"}],"version-history":[{"count":3,"href":"https:\/\/inspfracchia-cha.infd.edu.ar\/sitio\/wp-json\/wp\/v2\/pages\/1123\/revisions"}],"predecessor-version":[{"id":1148,"href":"https:\/\/inspfracchia-cha.infd.edu.ar\/sitio\/wp-json\/wp\/v2\/pages\/1123\/revisions\/1148"}],"wp:attachment":[{"href":"https:\/\/inspfracchia-cha.infd.edu.ar\/sitio\/wp-json\/wp\/v2\/media?parent=1123"}],"curies":[{"name":"wp","href":"https:\/\/api.w.org\/{rel}","templated":true}]}}