{"id":887,"date":"2020-08-13T09:38:00","date_gmt":"2020-08-13T12:38:00","guid":{"rendered":"https:\/\/inspfracchia-cha.infd.edu.ar\/sitio\/?page_id=887"},"modified":"2023-05-10T17:16:37","modified_gmt":"2023-05-10T20:16:37","slug":"carreras","status":"publish","type":"page","link":"https:\/\/inspfracchia-cha.infd.edu.ar\/sitio\/carreras\/","title":{"rendered":"CARRERAS"},"content":{"rendered":"<p><img decoding=\"async\" loading=\"lazy\" class=\"size-medium wp-image-1019 aligncenter\" src=\"https:\/\/inspfracchia-cha.infd.edu.ar\/sitio\/wp-content\/uploads\/2023\/05\/Flayer-Promocion-Carreras-2023-H-563x1000.jpg\" alt=\"\" width=\"563\" height=\"1000\" srcset=\"https:\/\/inspfracchia-cha.infd.edu.ar\/sitio\/wp-content\/uploads\/2023\/05\/Flayer-Promocion-Carreras-2023-H-563x1000.jpg 563w, https:\/\/inspfracchia-cha.infd.edu.ar\/sitio\/wp-content\/uploads\/2023\/05\/Flayer-Promocion-Carreras-2023-H-1069x1900.jpg 1069w, https:\/\/inspfracchia-cha.infd.edu.ar\/sitio\/wp-content\/uploads\/2023\/05\/Flayer-Promocion-Carreras-2023-H-768x1365.jpg 768w, https:\/\/inspfracchia-cha.infd.edu.ar\/sitio\/wp-content\/uploads\/2023\/05\/Flayer-Promocion-Carreras-2023-H-864x1536.jpg 864w, https:\/\/inspfracchia-cha.infd.edu.ar\/sitio\/wp-content\/uploads\/2023\/05\/Flayer-Promocion-Carreras-2023-H.jpg 1080w\" sizes=\"(max-width: 563px) 100vw, 563px\" \/><\/p>\n<ul>\n<li>PROFESORADO PARA LA EDUCACI\u00d3N SECUNDARIA EN MATEM\u00c1TICA.<\/li>\n<li>PROFESORADO PARA LA EDUCACI\u00d3N SECUNDARIA EN QU\u00cdMICA.<\/li>\n<li>PROFESORADO PARA LA EDUCACI\u00d3N SECUNDARIA EN F\u00cdSICA.<\/li>\n<li>PROFESORADO PARA LA EDUCACI\u00d3N SECUNDARIA EN BIOLOG\u00cdA.<\/li>\n<li>PROFESORADO PARA LA EDUCACI\u00d3N SECUNDARIA EN LENGUA Y LITERATURA.<\/li>\n<li>PROFESORADO PARA LA EDUCACI\u00d3N SECUNDARIA EN INGL\u00c9S.<\/li>\n<li>PROFESORADO PARA LA EDUCACI\u00d3N SECUNDARIA EN HISTORIA<\/li>\n<li>PROFESORADO PARA LA EDUCACI\u00d3N SECUNDARIA EN ARTES VISUALES<\/li>\n<li>PROFESORADO PARA EL NIVEL INICIAL.<\/li>\n<li>PROFESORADO PARA EL NIVEL PRIMARIO.<\/li>\n<li>PROFESORADO DE EDUCACI\u00d3N ESPECIAL.<\/li>\n<li>PROFESORADO EN BIBLIOTECOLOG\u00cdA.<\/li>\n<\/ul>\n","protected":false},"excerpt":{"rendered":"<p>PROFESORADO PARA LA EDUCACI\u00d3N SECUNDARIA EN MATEM\u00c1TICA. PROFESORADO PARA LA EDUCACI\u00d3N SECUNDARIA EN QU\u00cdMICA. PROFESORADO PARA LA EDUCACI\u00d3N SECUNDARIA EN F\u00cdSICA. PROFESORADO PARA LA EDUCACI\u00d3N SECUNDARIA EN BIOLOG\u00cdA. PROFESORADO PARA LA EDUCACI\u00d3N SECUNDARIA EN LENGUA Y LITERATURA. PROFESORADO PARA LA EDUCACI\u00d3N SECUNDARIA EN INGL\u00c9S. PROFESORADO PARA LA EDUCACI\u00d3N SECUNDARIA EN HISTORIA PROFESORADO PARA LA EDUCACI\u00d3N &#8230; <a title=\"CARRERAS\" class=\"read-more\" href=\"https:\/\/inspfracchia-cha.infd.edu.ar\/sitio\/carreras\/\" aria-label=\"More on CARRERAS\">[+]<\/a><\/p>\n","protected":false},"author":499,"featured_media":0,"parent":0,"menu_order":0,"comment_status":"closed","ping_status":"closed","template":"","meta":[],"acf":[],"_links":{"self":[{"href":"https:\/\/inspfracchia-cha.infd.edu.ar\/sitio\/wp-json\/wp\/v2\/pages\/887"}],"collection":[{"href":"https:\/\/inspfracchia-cha.infd.edu.ar\/sitio\/wp-json\/wp\/v2\/pages"}],"about":[{"href":"https:\/\/inspfracchia-cha.infd.edu.ar\/sitio\/wp-json\/wp\/v2\/types\/page"}],"author":[{"embeddable":true,"href":"https:\/\/inspfracchia-cha.infd.edu.ar\/sitio\/wp-json\/wp\/v2\/users\/499"}],"replies":[{"embeddable":true,"href":"https:\/\/inspfracchia-cha.infd.edu.ar\/sitio\/wp-json\/wp\/v2\/comments?post=887"}],"version-history":[{"count":3,"href":"https:\/\/inspfracchia-cha.infd.edu.ar\/sitio\/wp-json\/wp\/v2\/pages\/887\/revisions"}],"predecessor-version":[{"id":1021,"href":"https:\/\/inspfracchia-cha.infd.edu.ar\/sitio\/wp-json\/wp\/v2\/pages\/887\/revisions\/1021"}],"wp:attachment":[{"href":"https:\/\/inspfracchia-cha.infd.edu.ar\/sitio\/wp-json\/wp\/v2\/media?parent=887"}],"curies":[{"name":"wp","href":"https:\/\/api.w.org\/{rel}","templated":true}]}}